{"id":362,"date":"2015-12-02T16:13:52","date_gmt":"2015-12-02T15:13:52","guid":{"rendered":"http:\/\/rogerhanschel.de\/en\/?page_id=362"},"modified":"2019-10-01T17:48:41","modified_gmt":"2019-10-01T15:48:41","slug":"impressum-2","status":"publish","type":"page","link":"https:\/\/rogerhanschel.de\/en\/impressum-2\/","title":{"rendered":"Impressum"},"content":{"rendered":"<p>\u00a9 2013 Roger Hanschel <br \/>Schleifenbaumstr. 33 <br \/>51061 K\u00f6ln <br \/>0049 -(0)221-16819484 <br \/>post@rogerhanschel.de <br \/>Webdesign: Frank Oehlmann <br \/>Inhaltlich Verantwortlicher gem\u00e4\u00df \u00a7 6 MDStV: Roger Hanschel Haftungshinweis: Trotz sorgf\u00e4ltiger inhaltlicher Kontrolle \u00fcbernehmen wir keine Haftung f\u00fcr die Inhalte externer Links. <br \/>F\u00fcr den Inhalt der verlinkten Seiten sind ausschlie\u00dflich deren Betreiber verantwortlich. <br \/>Fotos: <br \/>\u00a9 U. Weiser\/ Saxophonfotos Farbfotos \/Termine <br \/>\u00a9 Florian Ross Foto Kontakt <br \/>\u00a9 Armin Zedler Startseite\/ Roger Hanschel &amp; Auryn Quartett <br \/>\u00a9 Mattheus Winnitzki\/ Roger Hanschels Heavy Rotation<\/p>\n","protected":false},"excerpt":{"rendered":"<p>\u00a9 2013 Roger Hanschel Schleifenbaumstr. 33 51061 K\u00f6ln 0049 -(0)221-16819484 post@rogerhanschel.de Webdesign: Frank Oehlmann Inhaltlich Verantwortlicher gem\u00e4\u00df \u00a7 6 MDStV: Roger Hanschel Haftungshinweis: Trotz sorgf\u00e4ltiger inhaltlicher Kontrolle \u00fcbernehmen wir keine Haftung f\u00fcr die Inhalte externer Links. F\u00fcr den Inhalt der verlinkten Seiten sind ausschlie\u00dflich deren Betreiber verantwortlich. Fotos: \u00a9 U. Weiser\/ Saxophonfotos Farbfotos \/Termine \u00a9&#8230; <\/p>\n<div class=\"read-more navbutton\"><a href=\"https:\/\/rogerhanschel.de\/en\/impressum-2\/\">Read More<i class=\"fa fa-angle-double-right\"><\/i><\/a><\/div>\n","protected":false},"author":1,"featured_media":0,"parent":0,"menu_order":0,"comment_status":"closed","ping_status":"closed","template":"","meta":[],"_links":{"self":[{"href":"https:\/\/rogerhanschel.de\/en\/wp-json\/wp\/v2\/pages\/362"}],"collection":[{"href":"https:\/\/rogerhanschel.de\/en\/wp-json\/wp\/v2\/pages"}],"about":[{"href":"https:\/\/rogerhanschel.de\/en\/wp-json\/wp\/v2\/types\/page"}],"author":[{"embeddable":true,"href":"https:\/\/rogerhanschel.de\/en\/wp-json\/wp\/v2\/users\/1"}],"replies":[{"embeddable":true,"href":"https:\/\/rogerhanschel.de\/en\/wp-json\/wp\/v2\/comments?post=362"}],"version-history":[{"count":2,"href":"https:\/\/rogerhanschel.de\/en\/wp-json\/wp\/v2\/pages\/362\/revisions"}],"predecessor-version":[{"id":646,"href":"https:\/\/rogerhanschel.de\/en\/wp-json\/wp\/v2\/pages\/362\/revisions\/646"}],"wp:attachment":[{"href":"https:\/\/rogerhanschel.de\/en\/wp-json\/wp\/v2\/media?parent=362"}],"curies":[{"name":"wp","href":"https:\/\/api.w.org\/{rel}","templated":true}]}}