{"id":361,"date":"2015-12-02T16:19:03","date_gmt":"2015-12-02T15:19:03","guid":{"rendered":"http:\/\/rogerhanschel.de\/en\/?page_id=361"},"modified":"2019-04-13T12:31:49","modified_gmt":"2019-04-13T10:31:49","slug":"impressum","status":"publish","type":"page","link":"https:\/\/rogerhanschel.de\/en\/impressum\/","title":{"rendered":"Impressum"},"content":{"rendered":"<p>\u00a9 2015 Roger Hanschel <br \/>Postfach <br \/>Hochschule f\u00fcr Musik und Tanz K\u00f6ln <br \/>Unter Krahnenb\u00e4umen 87 <br \/>50668 K\u00f6ln 0049 -(0)221-16819484 <br \/>post@rogerhanschel.de <br \/>Webdesign: Frank Oehlmann Inhaltlich Verantwortlicher gem\u00e4\u00df \u00a7 6 MDStV: Roger Hanschel Haftungshinweis: Trotz sorgf\u00e4ltiger inhaltlicher Kontrolle \u00fcbernehmen wir keine Haftung f\u00fcr die Inhalte externer Links. F\u00fcr den Inhalt der verlinkten Seiten sind ausschlie\u00dflich deren Betreiber verantwortlich. Fotos: \u00a9 U. Weiser\/ Saxophonfotos Farbfotos \/Termine \u00a9 Florian Ross Foto Kontakt \u00a9 Armin Zedler Startseite\/ Roger Hanschel &amp; Auryn Quartett \u00a9 Mattheus Winnitzki\/ Roger Hanschels Heavy Rotation<\/p>\n","protected":false},"excerpt":{"rendered":"<p>\u00a9 2015 Roger Hanschel Postfach Hochschule f\u00fcr Musik und Tanz K\u00f6ln Unter Krahnenb\u00e4umen 87 50668 K\u00f6ln 0049 -(0)221-16819484 post@rogerhanschel.de Webdesign: Frank Oehlmann Inhaltlich Verantwortlicher gem\u00e4\u00df \u00a7 6 MDStV: Roger Hanschel Haftungshinweis: Trotz sorgf\u00e4ltiger inhaltlicher Kontrolle \u00fcbernehmen wir keine Haftung f\u00fcr die Inhalte externer Links. F\u00fcr den Inhalt der verlinkten Seiten sind ausschlie\u00dflich deren Betreiber verantwortlich&#8230;. <\/p>\n<div class=\"read-more navbutton\"><a href=\"https:\/\/rogerhanschel.de\/en\/impressum\/\">Read More<i class=\"fa fa-angle-double-right\"><\/i><\/a><\/div>\n","protected":false},"author":1,"featured_media":0,"parent":0,"menu_order":0,"comment_status":"closed","ping_status":"closed","template":"","meta":[],"_links":{"self":[{"href":"https:\/\/rogerhanschel.de\/en\/wp-json\/wp\/v2\/pages\/361"}],"collection":[{"href":"https:\/\/rogerhanschel.de\/en\/wp-json\/wp\/v2\/pages"}],"about":[{"href":"https:\/\/rogerhanschel.de\/en\/wp-json\/wp\/v2\/types\/page"}],"author":[{"embeddable":true,"href":"https:\/\/rogerhanschel.de\/en\/wp-json\/wp\/v2\/users\/1"}],"replies":[{"embeddable":true,"href":"https:\/\/rogerhanschel.de\/en\/wp-json\/wp\/v2\/comments?post=361"}],"version-history":[{"count":6,"href":"https:\/\/rogerhanschel.de\/en\/wp-json\/wp\/v2\/pages\/361\/revisions"}],"predecessor-version":[{"id":605,"href":"https:\/\/rogerhanschel.de\/en\/wp-json\/wp\/v2\/pages\/361\/revisions\/605"}],"wp:attachment":[{"href":"https:\/\/rogerhanschel.de\/en\/wp-json\/wp\/v2\/media?parent=361"}],"curies":[{"name":"wp","href":"https:\/\/api.w.org\/{rel}","templated":true}]}}