{"id":173,"date":"2015-11-18T13:23:09","date_gmt":"2015-11-18T12:23:09","guid":{"rendered":"http:\/\/rogerhanschel.de\/en\/?page_id=173"},"modified":"2015-11-18T13:23:09","modified_gmt":"2015-11-18T12:23:09","slug":"roger-hanschel-stefan-horz-2","status":"publish","type":"page","link":"https:\/\/rogerhanschel.de\/en\/roger-hanschel-stefan-horz-2\/","title":{"rendered":"Roger Hanschel &#038; Stefan Horz"},"content":{"rendered":"<p>Roger Hanschel\u00a0 &#8211; Altsaxophon<\/p>\n<p>Stefan Horz &#8211; Kirchenorgel<\/p>\n<p>&nbsp;<\/p>\n<p><strong>\u201echange follows vision\u201c<\/strong><\/p>\n<p>Roger Hanschel, einer der f\u00fchrenden Jazz-Saxofonisten seiner Generation und Stefan Horz, Organist der Bonner Kreuzkirche, einer der gr\u00f6\u00dften und traditionsreichsten Musik-Kirchen Deutschlands, laden sie zu einer Reise voller musikalischer Abenteuer ein.<\/p>\n<p>\u201e<em>Change follows vision\u201c steht als Motto \u00fcber einem Programm aus Original-kompositionen Roger Hanschels, das von lyrischster und sinnlichster Zartheit bis zu glutvollem, wildem und manchmal geradezu ekstatischem Klangrausch zwei Instrumente miteinander und dem Kirchenraum verschmelzen l\u00e4sst, wie sie es noch nie zuvor geh\u00f6rt haben! So fand der Bonner Generalanzeiger nach dem auch vom Publikum begeistert aufgenommenen Konzert in der Bonner Kreuzkirche: \u201eWie die Musiker Klangfarben ausloteten und dabei jede Menge changierende Zwischent\u00f6ne fanden, war \u00e4u\u00dferst beeindruckend.(&#8230;) Hanschel f\u00fcgte sich manchmal so unmerklich und sensibel in den Klang der Orgel ein, dass das Saxofon fast zu einem weiteren Orgelregister zu werden schien<\/em>.\u201c<\/p>\n<p><em>(General-Anzeiger Bonn, 9. Mai 2014) <\/em><\/p>\n","protected":false},"excerpt":{"rendered":"<p>Roger Hanschel\u00a0 &#8211; Altsaxophon Stefan Horz &#8211; Kirchenorgel &nbsp; \u201echange follows vision\u201c Roger Hanschel, einer der f\u00fchrenden Jazz-Saxofonisten seiner Generation und Stefan Horz, Organist der Bonner Kreuzkirche, einer der gr\u00f6\u00dften und traditionsreichsten Musik-Kirchen Deutschlands, laden sie zu einer Reise voller musikalischer Abenteuer ein. \u201eChange follows vision\u201c steht als Motto \u00fcber einem Programm aus Original-kompositionen Roger&#8230; <\/p>\n<div class=\"read-more navbutton\"><a href=\"https:\/\/rogerhanschel.de\/en\/roger-hanschel-stefan-horz-2\/\">Read More<i class=\"fa fa-angle-double-right\"><\/i><\/a><\/div>\n","protected":false},"author":1,"featured_media":146,"parent":0,"menu_order":0,"comment_status":"closed","ping_status":"closed","template":"","meta":[],"_links":{"self":[{"href":"https:\/\/rogerhanschel.de\/en\/wp-json\/wp\/v2\/pages\/173"}],"collection":[{"href":"https:\/\/rogerhanschel.de\/en\/wp-json\/wp\/v2\/pages"}],"about":[{"href":"https:\/\/rogerhanschel.de\/en\/wp-json\/wp\/v2\/types\/page"}],"author":[{"embeddable":true,"href":"https:\/\/rogerhanschel.de\/en\/wp-json\/wp\/v2\/users\/1"}],"replies":[{"embeddable":true,"href":"https:\/\/rogerhanschel.de\/en\/wp-json\/wp\/v2\/comments?post=173"}],"version-history":[{"count":1,"href":"https:\/\/rogerhanschel.de\/en\/wp-json\/wp\/v2\/pages\/173\/revisions"}],"predecessor-version":[{"id":174,"href":"https:\/\/rogerhanschel.de\/en\/wp-json\/wp\/v2\/pages\/173\/revisions\/174"}],"wp:featuredmedia":[{"embeddable":true,"href":"https:\/\/rogerhanschel.de\/en\/wp-json\/wp\/v2\/media\/146"}],"wp:attachment":[{"href":"https:\/\/rogerhanschel.de\/en\/wp-json\/wp\/v2\/media?parent=173"}],"curies":[{"name":"wp","href":"https:\/\/api.w.org\/{rel}","templated":true}]}}